{"id":790,"date":"2021-07-07T20:17:09","date_gmt":"2021-07-07T20:17:09","guid":{"rendered":"https:\/\/constructionlfg.kd.jolistage.com\/?page_id=790"},"modified":"2025-09-19T14:40:23","modified_gmt":"2025-09-19T18:40:23","slug":"contact-us","status":"publish","type":"page","link":"https:\/\/constructionlfg.com\/en\/contact-us\/","title":{"rendered":"Contact <strong>us<\/strong>"},"content":{"rendered":"<div class=\"wpb-content-wrapper\"><p>[vc_row cth_layout=&#8221;monolit_page_sec&#8221;][vc_column][vc_column_text]<\/p>\n<h3>Our <strong>contact details<\/strong><\/h3>\n<p>[\/vc_column_text][vc_row_inner css=&#8221;.vc_custom_1625488452901{margin-top: 30px !important;}&#8221;][vc_column_inner width=&#8221;1\/4&#8243;][vc_column_text]<\/p>\n<h5><strong>HEAD OFFICE <\/strong><\/h5>\n<p>178, route 132 Est<br \/>\nCarleton-sur-Mer (Qu\u00e9bec) G0C 2Z0<br \/>\nPhone : <a href=\"tel:4183647082\">418 364-7082<\/a><br \/>\nFax : <a href=\"tel:4183647786\">418 364-7786<\/a>[\/vc_column_text][\/vc_column_inner][vc_column_inner width=&#8221;1\/4&#8243;][vc_column_text]<\/p>\n<h5><strong>WAREHOUSE AND GARAGE<\/strong><\/h5>\n<p>190, Armand-Leli\u00e8vre<br \/>\nNew Richmond (Qu\u00e9bec) G0C 2B0<br \/>\nPhone : <a href=\"tel:4183647082\">418 364-7082<\/a><br \/>\nFax : <a href=\"tel:4183647786\">418 364-7786<\/a>[\/vc_column_text][\/vc_column_inner][vc_column_inner width=&#8221;1\/4&#8243;][vc_column_text]<\/p>\n<h5><strong>SEPT-\u00ceLES OFFICE <\/strong><\/h5>\n<p>270, avenue Jolliet<br \/>\nSept-\u00celes (Qu\u00e9bec) G4R 2A9<br \/>\nPhone : <a href=\"tel:4189622034\">418 962-2034<\/a><br \/>\nFax : <a href=\"tel:4189623659\">418 962-3659<\/a>[\/vc_column_text][\/vc_column_inner][vc_column_inner width=&#8221;1\/4&#8243;][vc_column_text css=&#8221;&#8221;]<\/p>\n<h5><strong>QU\u00c9BEC OFFICE <\/strong><\/h5>\n<p>5262, Boul. Wilfrid-Hamel, local 101<br \/>\nQu\u00e9bec (Qu\u00e9bec) G2E 2G9<br \/>\nPhone : <a href=\"tel:4189153510\">418 915-3510<\/a>[\/vc_column_text][\/vc_column_inner][\/vc_row_inner][vc_row_inner css=&#8221;.vc_custom_1625488452901{margin-top: 30px !important;}&#8221;][vc_column_inner width=&#8221;1\/4&#8243;][vc_column_text css=&#8221;&#8221;]<\/p>\n<h5>RIMOUSKI OFFICE<\/h5>\n<p>321, rue Rivard<br \/>\nRimouski (Qu\u00e9bec) G5L 7J6<br \/>\nPhone : <a href=\"tel:4183647082\">418 364-7082<\/a><br \/>\nFax : <a href=\"tel:4183647786\">418 364-7786<\/a>[\/vc_column_text][\/vc_column_inner][\/vc_row_inner][vc_row_inner css=&#8221;.vc_custom_1625488452901{margin-top: 30px !important;}&#8221;][vc_column_inner][vc_column_text]<strong>Privacy officer<\/strong><\/p>\n<p>Michel Bond, human resources director<br \/>\n418 364-7082[\/vc_column_text][\/vc_column_inner][\/vc_row_inner][vc_raw_js]JTNDZGl2JTIwY2xhc3MlM0QlMjJtYXAtYm94JTIyJTNFJTBBJTIwJTIwJTNDZGl2JTIwaWQlM0QlMjJtYXAlMjIlMjBjbGFzcyUzRCUyMm1hcC1jYW52YXMlMjIlM0UlM0MlMkZkaXYlM0UlMEElM0MlMkZkaXYlM0UlMEElM0NzY3JpcHQlM0UlMEFmdW5jdGlvbiUyMGluaXRNYXAlMjglMjklMjAlN0IlMEElMEElMjAlMjBjb25zdCUyMG1hcCUyMCUzRCUyMG5ldyUyMGdvb2dsZS5tYXBzLk1hcCUyOGRvY3VtZW50LmdldEVsZW1lbnRCeUlkJTI4JTI3bWFwJTI3JTI5JTJDJTIwJTdCJTBBJTIwJTIwJTIwJTIwbWFwSWQlM0ElMjAlMjJiZmY1NmMwZThmNTllZWQlMjIlMkMlMEElMjAlMjAlMjAlMjBjZW50ZXIlM0ElMjAlN0IlMjBsYXQlM0ElMjA0OC4xMDc4MTU3NTA5NDQxMiUyQyUyMGxuZyUzQSUyMC02Ni4yMDQ2MTc5MDE2ODIzOCUyMCU3RCUyQyUwQSUyMCUyMCUyMCUyMHpvb20lM0ElMjAxNCUyQyUwQSUyMCUyMCUyMCUyMHNjcm9sbHdoZWVsJTNBJTIwZmFsc2UlMkMlMEElMjAlMjAlN0QlMjklM0IlMEElMEElMjAlMjBpY29uJTIwJTNEJTIwJTIyaHR0cHMlM0ElMkYlMkZjb25zdHJ1Y3Rpb25sZmcuY29tJTJGd3AtY29udGVudCUyRnVwbG9hZHMlMkYyMDIxJTJGMDclMkZtYXJrZXItMi5wbmclMjIlMEElMEElMjAlMjBjb25zb2xlLmxvZyUyOG1hcCUyOSUzQiUwQSUyMCUyMG5ldyUyMGdvb2dsZS5tYXBzLk1hcmtlciUyOCU3QiUwQSUyMCUyMCUyMCUyMHBvc2l0aW9uJTNBJTIwJTdCJTIwbGF0JTNBJTIwNDguMTA3ODE1NzUwOTQ0MTIlMkMlMjBsbmclM0ElMjAtNjYuMjA0NjE3OTAxNjgyMzglMjAlN0QlMkMlMEElMjAlMjAlMjAlMjBtYXAlMkMlMEElMjAlMjAlMjAlMjBpY29uJTIwJTNBJTIwaWNvbiUyQyUwQSUyMCUyMCU3RCUyOSUzQiUwQSUyMCUyMG5ldyUyMGdvb2dsZS5tYXBzLk1hcmtlciUyOCU3QiUwQSUyMCUyMCUyMCUyMHBvc2l0aW9uJTNBJTIwJTdCJTIwbGF0JTNBJTIwNDYuODIzNTk5NDYxNTgwNzIlMkMlMjBsbmclM0ElMjAtNzEuMzA5OTUwOTE3MTA5MzMlMjAlN0QlMkMlMEElMjAlMjAlMjAlMjBtYXAlMkMlMEElMjAlMjAlMjAlMjBpY29uJTIwJTNBJTIwaWNvbiUyQyUwQSUyMCUyMCU3RCUyOSUzQiUwQSUyMCUyMG5ldyUyMGdvb2dsZS5tYXBzLk1hcmtlciUyOCU3QiUwQSUyMCUyMCUyMCUyMHBvc2l0aW9uJTNBJTIwJTdCJTIwbGF0JTNBJTIwNTAuMjA2OTc4NDc4Nzk2Mzk0JTJDJTIwbG5nJTNBJTIwLTY2LjM3MDU1MTEwMTY0MTUxJTIwJTdEJTJDJTBBJTIwJTIwJTIwJTIwbWFwJTJDJTBBJTIwJTIwJTIwJTIwaWNvbiUyMCUzQSUyMGljb24lMkMlMEElMjAlMjAlN0QlMjklM0IlMEElMEElN0QlMEElMEElM0MlMkZzY3JpcHQlM0UlMEElM0NzY3JpcHQlMjB0eXBlJTNEJTIydGV4dCUyRmphdmFzY3JpcHQlMjIlMjBzcmMlM0QlMjJodHRwcyUzQSUyRiUyRm1hcHMuZ29vZ2xlYXBpcy5jb20lMkZtYXBzJTJGYXBpJTJGanMlM0ZrZXklM0RBSXphU3lCT3ZhQ1h2MVJWV2h4YXZvcUVHTHFpV29lYUZSNXhJZDAlMjZjYWxsYmFjayUzRGluaXRNYXAlMjZsaWJyYXJpZXMlMjZ2JTNEYmV0YSUyNm1hcF9pZHMlM0RiZmY1NmMwZThmNTllZWQlMjZ2ZXIlM0Q2LjcuMSUyNmxvYWRpbmclM0Rhc3luYyUyMiUyMGlkJTNEJTIyZ21hcC1qcyUyMiUyMGFzeW5jJTIwZGVmZXIlM0UlM0MlMkZzY3JpcHQlM0UlMEE=[\/vc_raw_js]\n<div class=\"wpcf7 no-js\" id=\"wpcf7-f860-o1\" lang=\"fr-CA\" dir=\"ltr\" data-wpcf7-id=\"860\">\n<div class=\"screen-reader-response\"><p role=\"status\" aria-live=\"polite\" aria-atomic=\"true\"><\/p> <ul><\/ul><\/div>\n<form action=\"\/en\/wp-json\/wp\/v2\/pages\/790#wpcf7-f860-o1\" method=\"post\" class=\"wpcf7-form init\" aria-label=\"Contact form\" novalidate=\"novalidate\" data-status=\"init\">\n<fieldset class=\"hidden-fields-container\"><input type=\"hidden\" name=\"_wpcf7\" value=\"860\" \/><input type=\"hidden\" name=\"_wpcf7_version\" value=\"6.1.4\" \/><input type=\"hidden\" name=\"_wpcf7_locale\" value=\"fr_CA\" \/><input type=\"hidden\" name=\"_wpcf7_unit_tag\" value=\"wpcf7-f860-o1\" \/><input type=\"hidden\" name=\"_wpcf7_container_post\" value=\"0\" \/><input type=\"hidden\" name=\"_wpcf7_posted_data_hash\" value=\"\" \/><input type=\"hidden\" name=\"_wpcf7_recaptcha_response\" value=\"\" \/>\n<\/fieldset>\n<p><label><span class=\"wpcf7-form-control-wrap\" data-name=\"your-name\"><input size=\"40\" maxlength=\"400\" class=\"wpcf7-form-control wpcf7-text wpcf7-validates-as-required\" aria-required=\"true\" aria-invalid=\"false\" placeholder=\"First Name and Last Name\" value=\"\" type=\"text\" name=\"your-name\" \/><\/span> <\/label>\n<\/p>\n<p><label><span class=\"wpcf7-form-control-wrap\" data-name=\"your-email\"><input size=\"40\" maxlength=\"400\" class=\"wpcf7-form-control wpcf7-email wpcf7-validates-as-required wpcf7-text wpcf7-validates-as-email\" aria-required=\"true\" aria-invalid=\"false\" placeholder=\"Email\" value=\"\" type=\"email\" name=\"your-email\" \/><\/span> <\/label>\n<\/p>\n<p><label><span class=\"wpcf7-form-control-wrap\" data-name=\"subject\"><input size=\"40\" maxlength=\"400\" class=\"wpcf7-form-control wpcf7-text wpcf7-validates-as-required\" aria-required=\"true\" aria-invalid=\"false\" placeholder=\"Subject\" value=\"\" type=\"text\" name=\"subject\" \/><\/span> <\/label>\n<\/p>\n<p><label><span class=\"wpcf7-form-control-wrap\" data-name=\"your-message\"><textarea cols=\"40\" rows=\"10\" maxlength=\"2000\" class=\"wpcf7-form-control wpcf7-textarea wpcf7-validates-as-required\" aria-required=\"true\" aria-invalid=\"false\" placeholder=\"Message\" name=\"your-message\"><\/textarea><\/span> <\/label>\n<\/p>\n<span class=\"wpcf7-form-control-wrap recaptcha\" data-name=\"recaptcha\"><span data-sitekey=\"6LfpaoYfAAAAALGdyWXDGoJznhE7Jy5rcH9FZNOT\" class=\"wpcf7-form-control wpcf7-recaptcha g-recaptcha\"><\/span>\r\n<noscript>\r\n\t<div class=\"grecaptcha-noscript\">\r\n\t\t<iframe loading=\"lazy\" src=\"https:\/\/www.google.com\/recaptcha\/api\/fallback?k=6LfpaoYfAAAAALGdyWXDGoJznhE7Jy5rcH9FZNOT\" frameborder=\"0\" scrolling=\"no\" width=\"310\" height=\"430\">\r\n\t\t<\/iframe>\r\n\t\t<textarea name=\"g-recaptcha-response\" rows=\"3\" cols=\"40\" placeholder=\"reCaptcha Response Here\">\r\n\t\t<\/textarea>\r\n\t<\/div>\r\n<\/noscript>\r\n<\/span>\n<p><input class=\"wpcf7-form-control wpcf7-submit has-spinner btn\" type=\"submit\" value=\"Send\" \/>\n<\/p><div class=\"wpcf7-response-output\" aria-hidden=\"true\"><\/div>\n<\/form>\n<\/div>\n[\/vc_column][\/vc_row]<\/p>\n<\/div>","protected":false},"excerpt":{"rendered":"<p>[vc_row cth_layout=&#8221;monolit_page_sec&#8221;][vc_column][vc_column_text] Our contact details [\/vc_column_text][vc_row_inner css=&#8221;.vc_custom_1625488452901{margin-top: 30px !important;}&#8221;][vc_column_inner width=&#8221;1\/4&#8243;][vc_column_text] HEAD OFFICE 178, route 132 Est Carleton-sur-Mer (Qu\u00e9bec) G0C 2Z0 Phone : 418 364-7082 Fax : 418 364-7786[\/vc_column_text][\/vc_column_inner][vc_column_inner width=&#8221;1\/4&#8243;][vc_column_text] WAREHOUSE AND GARAGE 190, Armand-Leli\u00e8vre New Richmond (Qu\u00e9bec) G0C 2B0 Phone : 418 364-7082 Fax : 418 364-7786[\/vc_column_text][\/vc_column_inner][vc_column_inner width=&#8221;1\/4&#8243;][vc_column_text] SEPT-\u00ceLES OFFICE 270, avenue Jolliet Sept-\u00celes (Qu\u00e9bec) [&hellip;]<\/p>\n","protected":false},"author":1,"featured_media":0,"parent":0,"menu_order":0,"comment_status":"closed","ping_status":"closed","template":"page-fullwidth.php","meta":{"inline_featured_image":false,"footnotes":""},"class_list":["post-790","page","type-page","status-publish","hentry"],"yoast_head":"<!-- This site is optimized with the Yoast SEO plugin v26.8 - https:\/\/yoast.com\/product\/yoast-seo-wordpress\/ -->\n<title>Contact -s-us-s- LFG Construction<\/title>\n<meta name=\"robots\" content=\"index, follow, max-snippet:-1, max-image-preview:large, max-video-preview:-1\" \/>\n<link rel=\"canonical\" href=\"https:\/\/constructionlfg.com\/en\/contact-us\/\" \/>\n<meta property=\"og:locale\" content=\"en_US\" \/>\n<meta property=\"og:type\" content=\"article\" \/>\n<meta property=\"og:title\" content=\"Contact -s-us-s- LFG Construction\" \/>\n<meta property=\"og:description\" content=\"[vc_row cth_layout=&#8221;monolit_page_sec&#8221;][vc_column][vc_column_text] Our contact details [\/vc_column_text][vc_row_inner css=&#8221;.vc_custom_1625488452901{margin-top: 30px !important;}&#8221;][vc_column_inner width=&#8221;1\/4&#8243;][vc_column_text] HEAD OFFICE 178, route 132 Est Carleton-sur-Mer (Qu\u00e9bec) G0C 2Z0 Phone : 418 364-7082 Fax : 418 364-7786[\/vc_column_text][\/vc_column_inner][vc_column_inner width=&#8221;1\/4&#8243;][vc_column_text] WAREHOUSE AND GARAGE 190, Armand-Leli\u00e8vre New Richmond (Qu\u00e9bec) G0C 2B0 Phone : 418 364-7082 Fax : 418 364-7786[\/vc_column_text][\/vc_column_inner][vc_column_inner width=&#8221;1\/4&#8243;][vc_column_text] SEPT-\u00ceLES OFFICE 270, avenue Jolliet Sept-\u00celes (Qu\u00e9bec) [&hellip;]\" \/>\n<meta property=\"og:url\" content=\"https:\/\/constructionlfg.com\/en\/contact-us\/\" \/>\n<meta property=\"og:site_name\" content=\"LFG Construction\" \/>\n<meta property=\"article:modified_time\" content=\"2025-09-19T18:40:23+00:00\" \/>\n<meta name=\"twitter:card\" content=\"summary_large_image\" \/>\n<meta name=\"twitter:label1\" content=\"Est. reading time\" \/>\n\t<meta name=\"twitter:data1\" content=\"1 minute\" \/>\n<script type=\"application\/ld+json\" class=\"yoast-schema-graph\">{\"@context\":\"https:\/\/schema.org\",\"@graph\":[{\"@type\":\"WebPage\",\"@id\":\"https:\/\/constructionlfg.com\/en\/contact-us\/\",\"url\":\"https:\/\/constructionlfg.com\/en\/contact-us\/\",\"name\":\"Contact -s-us-s- LFG Construction\",\"isPartOf\":{\"@id\":\"https:\/\/constructionlfg.com\/#website\"},\"datePublished\":\"2021-07-07T20:17:09+00:00\",\"dateModified\":\"2025-09-19T18:40:23+00:00\",\"breadcrumb\":{\"@id\":\"https:\/\/constructionlfg.com\/en\/contact-us\/#breadcrumb\"},\"inLanguage\":\"en-US\",\"potentialAction\":[{\"@type\":\"ReadAction\",\"target\":[\"https:\/\/constructionlfg.com\/en\/contact-us\/\"]}]},{\"@type\":\"BreadcrumbList\",\"@id\":\"https:\/\/constructionlfg.com\/en\/contact-us\/#breadcrumb\",\"itemListElement\":[{\"@type\":\"ListItem\",\"position\":1,\"name\":\"Accueil\",\"item\":\"https:\/\/constructionlfg.com\/en\/\"},{\"@type\":\"ListItem\",\"position\":2,\"name\":\"Contact -s-us-s-\"}]},{\"@type\":\"WebSite\",\"@id\":\"https:\/\/constructionlfg.com\/#website\",\"url\":\"https:\/\/constructionlfg.com\/\",\"name\":\"LFG Construction\",\"description\":\"\",\"potentialAction\":[{\"@type\":\"SearchAction\",\"target\":{\"@type\":\"EntryPoint\",\"urlTemplate\":\"https:\/\/constructionlfg.com\/?s={search_term_string}\"},\"query-input\":{\"@type\":\"PropertyValueSpecification\",\"valueRequired\":true,\"valueName\":\"search_term_string\"}}],\"inLanguage\":\"en-US\"}]}<\/script>\n<!-- \/ Yoast SEO plugin. -->","yoast_head_json":{"title":"Contact -s-us-s- LFG Construction","robots":{"index":"index","follow":"follow","max-snippet":"max-snippet:-1","max-image-preview":"max-image-preview:large","max-video-preview":"max-video-preview:-1"},"canonical":"https:\/\/constructionlfg.com\/en\/contact-us\/","og_locale":"en_US","og_type":"article","og_title":"Contact -s-us-s- LFG Construction","og_description":"[vc_row cth_layout=&#8221;monolit_page_sec&#8221;][vc_column][vc_column_text] Our contact details [\/vc_column_text][vc_row_inner css=&#8221;.vc_custom_1625488452901{margin-top: 30px !important;}&#8221;][vc_column_inner width=&#8221;1\/4&#8243;][vc_column_text] HEAD OFFICE 178, route 132 Est Carleton-sur-Mer (Qu\u00e9bec) G0C 2Z0 Phone : 418 364-7082 Fax : 418 364-7786[\/vc_column_text][\/vc_column_inner][vc_column_inner width=&#8221;1\/4&#8243;][vc_column_text] WAREHOUSE AND GARAGE 190, Armand-Leli\u00e8vre New Richmond (Qu\u00e9bec) G0C 2B0 Phone : 418 364-7082 Fax : 418 364-7786[\/vc_column_text][\/vc_column_inner][vc_column_inner width=&#8221;1\/4&#8243;][vc_column_text] SEPT-\u00ceLES OFFICE 270, avenue Jolliet Sept-\u00celes (Qu\u00e9bec) [&hellip;]","og_url":"https:\/\/constructionlfg.com\/en\/contact-us\/","og_site_name":"LFG Construction","article_modified_time":"2025-09-19T18:40:23+00:00","twitter_card":"summary_large_image","twitter_misc":{"Est. reading time":"1 minute"},"schema":{"@context":"https:\/\/schema.org","@graph":[{"@type":"WebPage","@id":"https:\/\/constructionlfg.com\/en\/contact-us\/","url":"https:\/\/constructionlfg.com\/en\/contact-us\/","name":"Contact -s-us-s- LFG Construction","isPartOf":{"@id":"https:\/\/constructionlfg.com\/#website"},"datePublished":"2021-07-07T20:17:09+00:00","dateModified":"2025-09-19T18:40:23+00:00","breadcrumb":{"@id":"https:\/\/constructionlfg.com\/en\/contact-us\/#breadcrumb"},"inLanguage":"en-US","potentialAction":[{"@type":"ReadAction","target":["https:\/\/constructionlfg.com\/en\/contact-us\/"]}]},{"@type":"BreadcrumbList","@id":"https:\/\/constructionlfg.com\/en\/contact-us\/#breadcrumb","itemListElement":[{"@type":"ListItem","position":1,"name":"Accueil","item":"https:\/\/constructionlfg.com\/en\/"},{"@type":"ListItem","position":2,"name":"Contact -s-us-s-"}]},{"@type":"WebSite","@id":"https:\/\/constructionlfg.com\/#website","url":"https:\/\/constructionlfg.com\/","name":"LFG Construction","description":"","potentialAction":[{"@type":"SearchAction","target":{"@type":"EntryPoint","urlTemplate":"https:\/\/constructionlfg.com\/?s={search_term_string}"},"query-input":{"@type":"PropertyValueSpecification","valueRequired":true,"valueName":"search_term_string"}}],"inLanguage":"en-US"}]}},"_links":{"self":[{"href":"https:\/\/constructionlfg.com\/en\/wp-json\/wp\/v2\/pages\/790","targetHints":{"allow":["GET"]}}],"collection":[{"href":"https:\/\/constructionlfg.com\/en\/wp-json\/wp\/v2\/pages"}],"about":[{"href":"https:\/\/constructionlfg.com\/en\/wp-json\/wp\/v2\/types\/page"}],"author":[{"embeddable":true,"href":"https:\/\/constructionlfg.com\/en\/wp-json\/wp\/v2\/users\/1"}],"replies":[{"embeddable":true,"href":"https:\/\/constructionlfg.com\/en\/wp-json\/wp\/v2\/comments?post=790"}],"version-history":[{"count":16,"href":"https:\/\/constructionlfg.com\/en\/wp-json\/wp\/v2\/pages\/790\/revisions"}],"predecessor-version":[{"id":2182,"href":"https:\/\/constructionlfg.com\/en\/wp-json\/wp\/v2\/pages\/790\/revisions\/2182"}],"wp:attachment":[{"href":"https:\/\/constructionlfg.com\/en\/wp-json\/wp\/v2\/media?parent=790"}],"curies":[{"name":"wp","href":"https:\/\/api.w.org\/{rel}","templated":true}]}}